{"id":928,"date":"2017-11-15T09:22:11","date_gmt":"2017-11-15T07:22:11","guid":{"rendered":"http:\/\/akisikfiltre.com.tr\/2017\/?page_id=928"},"modified":"2017-11-15T10:45:55","modified_gmt":"2017-11-15T08:45:55","slug":"general-filtre","status":"publish","type":"page","link":"https:\/\/akisikfiltre.com.tr\/index.php\/general-filtre\/","title":{"rendered":"GENERAL F\u0130LTRE"},"content":{"rendered":"<p>[vc_row full_width=&#8221;stretch_row&#8221; css=&#8221;.vc_custom_1510730406095{margin-top: -20px !important;margin-bottom: -10px !important;padding-top: 10px !important;background-color: #26552b !important;}&#8221;][vc_column][vc_column_text css=&#8221;.vc_custom_1510731851749{margin-top: 10px !important;margin-bottom: 10px !important;}&#8221;]<\/p>\n<h2><span style=\"color: white;\">GENERAL F\u0130LTRE<\/span><\/h2>\n<p>[\/vc_column_text][\/vc_column][\/vc_row][vc_row][vc_column width=&#8221;1\/4&#8243; css=&#8221;.vc_custom_1506342808023{background-position: center !important;background-repeat: no-repeat !important;background-size: contain !important;}&#8221;][vc_wp_custommenu title=&#8221;F\u0130LTRELER&#8221; nav_menu=&#8221;14&#8243;][\/vc_column][vc_column width=&#8221;3\/4&#8243;][vc_column_text]<img loading=\"lazy\" class=\"size-medium wp-image-929 alignleft\" src=\"http:\/\/akisikfiltre.com.tr\/2017\/wp-content\/uploads\/2017\/11\/generali\u00e7-300x235.jpg\" alt=\"\" width=\"300\" height=\"235\" \/><span style=\"font-size: 10.5pt; font-family: 'Open Sans','serif'; color: #777777;\">GENERAL Grup d\u00fcnya \u00e7ap\u0131ndaki en b\u00fcy\u00fck 30 otomotiv tedarik\u00e7isinden biridir. GENERAL i\u00e7ten yanmal\u0131 motor par\u00e7alar\u0131, sistemler ve yan birimlerinde lider \u00fcretici olmas\u0131n\u0131n yan\u0131 s\u0131ra piston sistemleri, silindir bile\u015fenleri, subap mekanizma sistemleri, hava ve s\u0131v\u0131 filtre sistemlerinde de en iyi ilk 3 tedarik\u00e7iden biridir.<\/span><\/p>\n<p style=\"background: white; box-sizing: border-box; line-height: inherit; font-variant-ligatures: normal; font-variant-caps: normal; orphans: 2; text-align: start; widows: 2; -webkit-text-stroke-width: 0px; text-decoration-style: initial; text-decoration-color: initial; word-spacing: 0px; margin: 0cm 0cm 15.0pt 0cm;\"><span style=\"font-size: 10.5pt; font-family: 'Open Sans','serif'; color: #777777;\">GENERAL markas\u0131 hem orjinal par\u00e7a hem de aftermarket piyasas\u0131nda, vazge\u00e7ilmez bir kalitenin \u00fcr\u00fcnleri olan motor par\u00e7alar\u0131n\u0131 ve filtrelerini temsil eder. Bu marka g\u00fcc\u00fc- \u201cGENERAL\u201d-, d\u00fcnya \u00e7ap\u0131nda ger\u00e7ekle\u015ftirilen bir grup aktivite ile olduk\u00e7a yenilik\u00e7i olan ara\u015ft\u0131rma geli\u015ftirme (AR&amp;GE) hizmetleri ve otomotiv par\u00e7as\u0131 piyasas\u0131na y\u00fcksek kalitede \u00fcr\u00fcn tedarik eden uluslararas\u0131 \u00fcretim alanlar\u0131 ile kurulan etkin a\u011f ile desteklenmektedir.<\/span><\/p>\n<p style=\"margin: 0cm; margin-bottom: .0001pt; background: white; box-sizing: border-box; line-height: inherit; font-variant-ligatures: normal; font-variant-caps: normal; orphans: 2; text-align: start; widows: 2; -webkit-text-stroke-width: 0px; text-decoration-style: initial; text-decoration-color: initial; word-spacing: 0px;\"><span style=\"font-size: 10.5pt; font-family: 'Open Sans','serif'; color: #777777;\">Orjinal par\u00e7a piyasa standartlar\u0131, aftermarket sekt\u00f6r\u00fc i\u00e7in de kullan\u0131labilir olmal\u0131d\u0131r. GENERAL; GENERAL Original, Knecht, Metal Leve, Clevite and Perfect Circle markalar\u0131yla uzun y\u0131llardan bu yana motor tamir at\u00f6lyelerinin ve servislerin d\u00fcnya \u00e7ap\u0131nda sayg\u0131n bir ticaret orta\u011f\u0131 olmay\u0131 ba\u015farm\u0131\u015ft\u0131r.<\/span><\/p>\n<p>[\/vc_column_text][\/vc_column][\/vc_row][vc_row][vc_column width=&#8221;1\/2&#8243;][\/vc_column][vc_column width=&#8221;1\/2&#8243; css=&#8221;.vc_custom_1505900358751{margin-left: -50px !important;}&#8221;][\/vc_column][\/vc_row]<\/p>\n","protected":false},"excerpt":{"rendered":"<p>[vc_row full_width=&#8221;stretch_row&#8221; css=&#8221;.vc_custom_1510730406095{margin-top: -20px !important;margin-bottom: -10px !important;padding-top: 10px !important;background-color: #26552b !important;}&#8221;][vc_column][vc_column_text css=&#8221;.vc_custom_1510731851749{margin-top: 10px !important;margin-bottom: 10px !important;}&#8221;] GENERAL F\u0130LTRE [\/vc_column_text][\/vc_column][\/vc_row][vc_row][vc_column width=&#8221;1\/4&#8243; css=&#8221;.vc_custom_1506342808023{background-position: center !important;background-repeat: no-repeat !important;background-size: contain !important;}&#8221;][vc_wp_custommenu title=&#8221;F\u0130LTRELER&#8221; nav_menu=&#8221;14&#8243;][\/vc_column][vc_column width=&#8221;3\/4&#8243;][vc_column_text]GENERAL Grup d\u00fcnya \u00e7ap\u0131ndaki en b\u00fcy\u00fck 30 otomotiv tedarik\u00e7isinden biridir. GENERAL i\u00e7ten yanmal\u0131 motor par\u00e7alar\u0131, sistemler ve yan birimlerinde lider \u00fcretici olmas\u0131n\u0131n yan\u0131 s\u0131ra piston sistemleri, [&hellip;]<\/p>\n","protected":false},"author":1,"featured_media":0,"parent":0,"menu_order":0,"comment_status":"closed","ping_status":"closed","template":"","meta":[],"_links":{"self":[{"href":"https:\/\/akisikfiltre.com.tr\/index.php\/wp-json\/wp\/v2\/pages\/928"}],"collection":[{"href":"https:\/\/akisikfiltre.com.tr\/index.php\/wp-json\/wp\/v2\/pages"}],"about":[{"href":"https:\/\/akisikfiltre.com.tr\/index.php\/wp-json\/wp\/v2\/types\/page"}],"author":[{"embeddable":true,"href":"https:\/\/akisikfiltre.com.tr\/index.php\/wp-json\/wp\/v2\/users\/1"}],"replies":[{"embeddable":true,"href":"https:\/\/akisikfiltre.com.tr\/index.php\/wp-json\/wp\/v2\/comments?post=928"}],"version-history":[{"count":4,"href":"https:\/\/akisikfiltre.com.tr\/index.php\/wp-json\/wp\/v2\/pages\/928\/revisions"}],"predecessor-version":[{"id":965,"href":"https:\/\/akisikfiltre.com.tr\/index.php\/wp-json\/wp\/v2\/pages\/928\/revisions\/965"}],"wp:attachment":[{"href":"https:\/\/akisikfiltre.com.tr\/index.php\/wp-json\/wp\/v2\/media?parent=928"}],"curies":[{"name":"wp","href":"https:\/\/api.w.org\/{rel}","templated":true}]}}