{"id":925,"date":"2017-11-15T09:16:43","date_gmt":"2017-11-15T07:16:43","guid":{"rendered":"http:\/\/akisikfiltre.com.tr\/2017\/?page_id=925"},"modified":"2020-03-25T12:24:44","modified_gmt":"2020-03-25T09:24:44","slug":"hengst-filtre","status":"publish","type":"page","link":"https:\/\/akisikfiltre.com.tr\/index.php\/hengst-filtre\/","title":{"rendered":"HENGST F\u0130LTRE"},"content":{"rendered":"<p>[vc_row full_width=&#8221;stretch_row&#8221; css=&#8221;.vc_custom_1510730186926{margin-top: -20px !important;margin-bottom: -10px !important;padding-top: 10px !important;background-color: #000070 !important;}&#8221;][vc_column][vc_column_text css=&#8221;.vc_custom_1510731945841{margin-top: 10px !important;margin-bottom: 10px !important;}&#8221;]<\/p>\n<h2><span style=\"color: white;\">HENGST F\u0130LTRE<\/span><\/h2>\n<p>[\/vc_column_text][\/vc_column][\/vc_row][vc_row][vc_column width=&#8221;1\/4&#8243; css=&#8221;.vc_custom_1506342808023{background-position: center !important;background-repeat: no-repeat !important;background-size: contain !important;}&#8221;][vc_wp_custommenu title=&#8221;F\u0130LTRELER&#8221; nav_menu=&#8221;14&#8243;][\/vc_column][vc_column width=&#8221;3\/4&#8243;][vc_column_text]<img loading=\"lazy\" class=\"size-medium wp-image-926 alignleft\" src=\"http:\/\/akisikfiltre.com.tr\/2017\/wp-content\/uploads\/2017\/11\/hengstnew-300x150.jpg\" alt=\"\" width=\"300\" height=\"150\" \/>Hengst kendi sekt\u00f6r\u00fcnde kalitenin markas\u0131 olmu\u015ftur. T\u00fcrkiye piyasas\u0131nda yer alan benzer \u00fcr\u00fcnlere hem fiyat hem uzun \u00f6m\u00fcr avantaj\u0131 ile fark atmaktad\u0131r. Hengst y\u0131llar\u0131n vermi\u015f oldu\u011fu tecr\u00fcbe ve y\u00fcksek b\u00fct\u00e7eli ar-ge \u00e7al\u0131\u015fmalar\u0131 ile son kullan\u0131c\u0131ya en y\u00fcksek kaliteyi en uygun fiyat sunmaya gayret etmektedir. Firmam\u0131z T\u00fcrkiye pazar\u0131na bu \u00fcr\u00fcne ili\u015fkin bir \u00e7ok yedek par\u00e7a i\u00e7in teklif sunmaktad\u0131r.[\/vc_column_text][\/vc_column][\/vc_row][vc_row][vc_column width=&#8221;1\/2&#8243;][\/vc_column][vc_column width=&#8221;1\/2&#8243; css=&#8221;.vc_custom_1505900358751{margin-left: -50px !important;}&#8221;][\/vc_column][\/vc_row]<\/p>\n","protected":false},"excerpt":{"rendered":"<p>[vc_row full_width=&#8221;stretch_row&#8221; css=&#8221;.vc_custom_1510730186926{margin-top: -20px !important;margin-bottom: -10px !important;padding-top: 10px !important;background-color: #000070 !important;}&#8221;][vc_column][vc_column_text css=&#8221;.vc_custom_1510731945841{margin-top: 10px !important;margin-bottom: 10px !important;}&#8221;] HENGST F\u0130LTRE [\/vc_column_text][\/vc_column][\/vc_row][vc_row][vc_column width=&#8221;1\/4&#8243; css=&#8221;.vc_custom_1506342808023{background-position: center !important;background-repeat: no-repeat !important;background-size: contain !important;}&#8221;][vc_wp_custommenu title=&#8221;F\u0130LTRELER&#8221; nav_menu=&#8221;14&#8243;][\/vc_column][vc_column width=&#8221;3\/4&#8243;][vc_column_text]Hengst kendi sekt\u00f6r\u00fcnde kalitenin markas\u0131 olmu\u015ftur. T\u00fcrkiye piyasas\u0131nda yer alan benzer \u00fcr\u00fcnlere hem fiyat hem uzun \u00f6m\u00fcr avantaj\u0131 ile fark atmaktad\u0131r. Hengst y\u0131llar\u0131n vermi\u015f oldu\u011fu tecr\u00fcbe [&hellip;]<\/p>\n","protected":false},"author":1,"featured_media":0,"parent":0,"menu_order":0,"comment_status":"closed","ping_status":"closed","template":"","meta":[],"_links":{"self":[{"href":"https:\/\/akisikfiltre.com.tr\/index.php\/wp-json\/wp\/v2\/pages\/925"}],"collection":[{"href":"https:\/\/akisikfiltre.com.tr\/index.php\/wp-json\/wp\/v2\/pages"}],"about":[{"href":"https:\/\/akisikfiltre.com.tr\/index.php\/wp-json\/wp\/v2\/types\/page"}],"author":[{"embeddable":true,"href":"https:\/\/akisikfiltre.com.tr\/index.php\/wp-json\/wp\/v2\/users\/1"}],"replies":[{"embeddable":true,"href":"https:\/\/akisikfiltre.com.tr\/index.php\/wp-json\/wp\/v2\/comments?post=925"}],"version-history":[{"count":2,"href":"https:\/\/akisikfiltre.com.tr\/index.php\/wp-json\/wp\/v2\/pages\/925\/revisions"}],"predecessor-version":[{"id":943,"href":"https:\/\/akisikfiltre.com.tr\/index.php\/wp-json\/wp\/v2\/pages\/925\/revisions\/943"}],"wp:attachment":[{"href":"https:\/\/akisikfiltre.com.tr\/index.php\/wp-json\/wp\/v2\/media?parent=925"}],"curies":[{"name":"wp","href":"https:\/\/api.w.org\/{rel}","templated":true}]}}