{"id":841,"date":"2017-09-26T19:28:43","date_gmt":"2017-09-26T16:28:43","guid":{"rendered":"http:\/\/akisikfiltre.com.tr\/2017\/?page_id=841"},"modified":"2017-09-26T19:51:52","modified_gmt":"2017-09-26T16:51:52","slug":"kabin-hava-filtreleri","status":"publish","type":"page","link":"https:\/\/akisikfiltre.com.tr\/index.php\/kabin-hava-filtreleri\/","title":{"rendered":"KAB\u0130N HAVA F\u0130LTRELER\u0130"},"content":{"rendered":"<p>[vc_row][vc_column width=&#8221;1\/2&#8243; css=&#8221;.vc_custom_1506444675964{margin-right: -70px !important;}&#8221;][vc_single_image image=&#8221;827&#8243; img_size=&#8221;300X250&#8243; onclick=&#8221;link_image&#8221; hover_effect=&#8221;yes&#8221;][\/vc_column][vc_column width=&#8221;1\/2&#8243;][vc_column_text]D\u00fc\u015f\u00fck kaliteli hava sizi yorar, g\u00f6zlerinizi ve solunum yolunuzu tahri\u015f eder. Kabin filtreleri arac\u0131n\u0131zda daha fazla konfor ve temiz hava sa\u011flar \u00e7\u00fcnk\u00fc araca giren havadaki tozu, poleni, isi ve di\u011fer kirleticileri, \u00f6zellikle de her ge\u00e7en g\u00fcn daha fazla insanda sa\u011fl\u0131k sorunlar\u0131na (ast\u0131m ve alerji hastalar\u0131 ba\u015fta olmak \u00fczere) neden olan maddeleri neredeyse tamamen yok eder.<\/p>\n<p>T\u00fcm filtreler gibi, kabin filtrelerinin de d\u00fczenli olarak de\u011fi\u015ftirilmesi gerekir. Genel kural olarak bir y\u0131ll\u0131k aral\u0131klarla ya da her 15.000 kilometrede bir de\u011fi\u015fim gereklidir. Puslu pencereler, kabindeki bo\u011fucu hava ve bozuk klima sistemi, bir de\u011fi\u015fim gerekti\u011fini g\u00f6steren kesin belirtiler aras\u0131nda yer al\u0131r.[\/vc_column_text][\/vc_column][\/vc_row][vc_row][vc_column][vc_column_text]Kabin filtrenizin bir dahaki de\u011fi\u015fiminde, risk almay\u0131n ve patentli ve y\u00fcksek teknolojili bir filtresini tercih edin. \u00dcr\u00fcnlerimiz m\u00fckemmel bir uyuma ve onaylanm\u0131\u015f orijinal ekipman kalitesine sahiptir. Ayr\u0131nt\u0131l\u0131 montaj talimatlar\u0131, montaj\u0131n h\u0131zl\u0131 ve kolay olmas\u0131n\u0131 sa\u011flar.[\/vc_column_text][\/vc_column][\/vc_row]<\/p>\n","protected":false},"excerpt":{"rendered":"<p>[vc_row][vc_column width=&#8221;1\/2&#8243; css=&#8221;.vc_custom_1506444675964{margin-right: -70px !important;}&#8221;][vc_single_image image=&#8221;827&#8243; img_size=&#8221;300X250&#8243; onclick=&#8221;link_image&#8221; hover_effect=&#8221;yes&#8221;][\/vc_column][vc_column width=&#8221;1\/2&#8243;][vc_column_text]D\u00fc\u015f\u00fck kaliteli hava sizi yorar, g\u00f6zlerinizi ve solunum yolunuzu tahri\u015f eder. Kabin filtreleri arac\u0131n\u0131zda daha fazla konfor ve temiz hava sa\u011flar \u00e7\u00fcnk\u00fc araca giren havadaki tozu, poleni, isi ve di\u011fer kirleticileri, \u00f6zellikle de her ge\u00e7en g\u00fcn daha fazla insanda sa\u011fl\u0131k sorunlar\u0131na (ast\u0131m ve alerji hastalar\u0131 ba\u015fta [&hellip;]<\/p>\n","protected":false},"author":1,"featured_media":0,"parent":0,"menu_order":0,"comment_status":"closed","ping_status":"closed","template":"","meta":[],"_links":{"self":[{"href":"https:\/\/akisikfiltre.com.tr\/index.php\/wp-json\/wp\/v2\/pages\/841"}],"collection":[{"href":"https:\/\/akisikfiltre.com.tr\/index.php\/wp-json\/wp\/v2\/pages"}],"about":[{"href":"https:\/\/akisikfiltre.com.tr\/index.php\/wp-json\/wp\/v2\/types\/page"}],"author":[{"embeddable":true,"href":"https:\/\/akisikfiltre.com.tr\/index.php\/wp-json\/wp\/v2\/users\/1"}],"replies":[{"embeddable":true,"href":"https:\/\/akisikfiltre.com.tr\/index.php\/wp-json\/wp\/v2\/comments?post=841"}],"version-history":[{"count":3,"href":"https:\/\/akisikfiltre.com.tr\/index.php\/wp-json\/wp\/v2\/pages\/841\/revisions"}],"predecessor-version":[{"id":852,"href":"https:\/\/akisikfiltre.com.tr\/index.php\/wp-json\/wp\/v2\/pages\/841\/revisions\/852"}],"wp:attachment":[{"href":"https:\/\/akisikfiltre.com.tr\/index.php\/wp-json\/wp\/v2\/media?parent=841"}],"curies":[{"name":"wp","href":"https:\/\/api.w.org\/{rel}","templated":true}]}}