{"id":836,"date":"2017-09-26T19:23:47","date_gmt":"2017-09-26T16:23:47","guid":{"rendered":"http:\/\/akisikfiltre.com.tr\/2017\/?page_id=836"},"modified":"2017-10-03T14:15:13","modified_gmt":"2017-10-03T11:15:13","slug":"yakit-filtresi","status":"publish","type":"page","link":"https:\/\/akisikfiltre.com.tr\/index.php\/yakit-filtresi\/","title":{"rendered":"YAKIT F\u0130LTRES\u0130"},"content":{"rendered":"<p>[vc_row][vc_column width=&#8221;1\/2&#8243; css=&#8221;.vc_custom_1506444772964{margin-right: -70px !important;}&#8221;][vc_single_image image=&#8221;799&#8243; img_size=&#8221;300X250&#8243; onclick=&#8221;link_image&#8221; hover_effect=&#8221;yes&#8221; label=&#8221;&#8221;][\/vc_column][vc_column width=&#8221;1\/2&#8243;][vc_column_text]Modern y\u00fcksek performansl\u0131 enjeksiyon sistemleri, yak\u0131t kalitesi ve safl\u0131\u011f\u0131 konusunda daha hassast\u0131r. Yak\u0131t filtreleri, yak\u0131tta bulunan kir partik\u00fcllerinin ve suyun motora zarar vermesini engeller.<\/p>\n<p>Yak\u0131t filtreleri hassas enjeksiyon gruplar\u0131n\u0131n y\u00fcksek taleplerine ve biyodizel gibi alternatif yak\u0131tlar\u0131n \u00f6zel niteliklerine de uyum sa\u011flar. Yak\u0131t, son derece kaliteli filtre malzemesinin kullan\u0131m\u0131yla, istenmeyen kir partik\u00fcllerinden g\u00fcvenli \u015fekilde temizlenir. Filtrelerimiz, enjeksiyon sistemlerini a\u015f\u0131nma ve korozyona kar\u015f\u0131 korur, b\u00f6ylece t\u00fcm motorun sorunsuz \u015fekilde i\u015flemesine yard\u0131mc\u0131 olur, bu masraflar\u0131n\u0131n da azalmas\u0131na yard\u0131mc\u0131 olur.<\/p>\n<p>Yak\u0131t filtrelerinin farkl\u0131 t\u00fcrleri mevcuttur.[\/vc_column_text][\/vc_column][\/vc_row][vc_row][vc_column][\/vc_column][\/vc_row]<\/p>\n","protected":false},"excerpt":{"rendered":"<p>[vc_row][vc_column width=&#8221;1\/2&#8243; css=&#8221;.vc_custom_1506444772964{margin-right: -70px !important;}&#8221;][vc_single_image image=&#8221;799&#8243; img_size=&#8221;300X250&#8243; onclick=&#8221;link_image&#8221; hover_effect=&#8221;yes&#8221; label=&#8221;&#8221;][\/vc_column][vc_column width=&#8221;1\/2&#8243;][vc_column_text]Modern y\u00fcksek performansl\u0131 enjeksiyon sistemleri, yak\u0131t kalitesi ve safl\u0131\u011f\u0131 konusunda daha hassast\u0131r. Yak\u0131t filtreleri, yak\u0131tta bulunan kir partik\u00fcllerinin ve suyun motora zarar vermesini engeller. Yak\u0131t filtreleri hassas enjeksiyon gruplar\u0131n\u0131n y\u00fcksek taleplerine ve biyodizel gibi alternatif yak\u0131tlar\u0131n \u00f6zel niteliklerine de uyum sa\u011flar. Yak\u0131t, son derece kaliteli [&hellip;]<\/p>\n","protected":false},"author":1,"featured_media":0,"parent":0,"menu_order":0,"comment_status":"closed","ping_status":"closed","template":"","meta":[],"_links":{"self":[{"href":"https:\/\/akisikfiltre.com.tr\/index.php\/wp-json\/wp\/v2\/pages\/836"}],"collection":[{"href":"https:\/\/akisikfiltre.com.tr\/index.php\/wp-json\/wp\/v2\/pages"}],"about":[{"href":"https:\/\/akisikfiltre.com.tr\/index.php\/wp-json\/wp\/v2\/types\/page"}],"author":[{"embeddable":true,"href":"https:\/\/akisikfiltre.com.tr\/index.php\/wp-json\/wp\/v2\/users\/1"}],"replies":[{"embeddable":true,"href":"https:\/\/akisikfiltre.com.tr\/index.php\/wp-json\/wp\/v2\/comments?post=836"}],"version-history":[{"count":4,"href":"https:\/\/akisikfiltre.com.tr\/index.php\/wp-json\/wp\/v2\/pages\/836\/revisions"}],"predecessor-version":[{"id":866,"href":"https:\/\/akisikfiltre.com.tr\/index.php\/wp-json\/wp\/v2\/pages\/836\/revisions\/866"}],"wp:attachment":[{"href":"https:\/\/akisikfiltre.com.tr\/index.php\/wp-json\/wp\/v2\/media?parent=836"}],"curies":[{"name":"wp","href":"https:\/\/api.w.org\/{rel}","templated":true}]}}