{"id":802,"date":"2017-09-26T18:11:02","date_gmt":"2017-09-26T15:11:02","guid":{"rendered":"http:\/\/akisikfiltre.com.tr\/2017\/?page_id=802"},"modified":"2017-09-26T19:42:05","modified_gmt":"2017-09-26T16:42:05","slug":"hava-filtresi","status":"publish","type":"page","link":"https:\/\/akisikfiltre.com.tr\/index.php\/hava-filtresi\/","title":{"rendered":"HAVA F\u0130LTRES\u0130"},"content":{"rendered":"<p>[vc_row][vc_column width=&#8221;1\/2&#8243; css=&#8221;.vc_custom_1506444043212{margin-right: -70px !important;}&#8221;][vc_single_image image=&#8221;822&#8243; img_size=&#8221;300X250&#8243; onclick=&#8221;link_image&#8221; hover_effect=&#8221;yes&#8221;][\/vc_column][vc_column width=&#8221;1\/2&#8243;][vc_column_text]Hava filtreleri, tam performans i\u00e7in d\u00fczenli olarak kontrol edilmelidir \u00e7\u00fcnk\u00fc t\u0131kal\u0131 filtre motora havan\u0131n gitmesini engelleyecektir. Bu durumun olas\u0131 sonucu \u015fudur: yak\u0131t tam olarak yanmayabilir ve k\u0131smen hi\u00e7 kullan\u0131lmadan sistemden d\u0131\u015far\u0131 \u00e7\u0131kabilir. Hava filtrelerinin bir ba\u015fka ay\u0131rt edici \u00f6zelli\u011fi de \u015fudur: y\u00fcksek toz tutma kapasitesi, t\u00fcm servis aral\u0131\u011f\u0131 boyunca g\u00fcvenilirlik sa\u011flar.[\/vc_column_text][vc_column_text]<\/p>\n<p class=\"bodytext\" style=\"text-align: left;\"><span lang=\"EN-GB\">\u0130\u00e7ten yanmal\u0131 motorlarda optimum performans sa\u011flamak i\u00e7in temiz emme havas\u0131na ihtiya\u00e7 duyulur. \u0130s ya da toz gibi havada bulunan kirleticilerin yanma odas\u0131na girmesi halinde silindir ba\u015fl\u0131klar\u0131nda a\u015f\u0131nma meydana gelebilir, bu da motorun erken a\u015f\u0131nmas\u0131na yol a\u00e7abilir. Emme ve yanma odas\u0131 aras\u0131nda bulunan elektronik par\u00e7alar\u0131n i\u015fleyi\u015fi de \u00f6nemli \u00f6l\u00e7\u00fcde zarar g\u00f6rebilir.\u00a0<\/span><\/p>\n<p>[\/vc_column_text][\/vc_column][\/vc_row][vc_row][vc_column][vc_column_text]<\/p>\n<p style=\"text-align: left;\"><b><span lang=\"EN-GB\">Hava filtreleri<\/span><\/b><span lang=\"EN-GB\"><b>\u00a0t\u00fcm kir partik\u00fclleri i\u00e7in yolun sonunu ifade eder<\/b>. Hava filtreleri, en ufak partik\u00fclleri bile (toz, polen, kum, is ya da su damlalar\u0131) en geli\u015fmi\u015f kir ay\u0131rma \u00f6zelli\u011fi ve y\u00fcksek mekanik dayan\u0131m\u0131 sayesinde emme havas\u0131ndan filtreleyerek al\u0131r. Bu, yak\u0131t-hava oran\u0131n\u0131n optimum bile\u015fimini sa\u011flar ve motor performans\u0131n\u0131n istikrarl\u0131 olmas\u0131na imkan verir.<\/span><\/p>\n<p>[\/vc_column_text][\/vc_column][\/vc_row]<\/p>\n","protected":false},"excerpt":{"rendered":"<p>[vc_row][vc_column width=&#8221;1\/2&#8243; css=&#8221;.vc_custom_1506444043212{margin-right: -70px !important;}&#8221;][vc_single_image image=&#8221;822&#8243; img_size=&#8221;300X250&#8243; onclick=&#8221;link_image&#8221; hover_effect=&#8221;yes&#8221;][\/vc_column][vc_column width=&#8221;1\/2&#8243;][vc_column_text]Hava filtreleri, tam performans i\u00e7in d\u00fczenli olarak kontrol edilmelidir \u00e7\u00fcnk\u00fc t\u0131kal\u0131 filtre motora havan\u0131n gitmesini engelleyecektir. Bu durumun olas\u0131 sonucu \u015fudur: yak\u0131t tam olarak yanmayabilir ve k\u0131smen hi\u00e7 kullan\u0131lmadan sistemden d\u0131\u015far\u0131 \u00e7\u0131kabilir. Hava filtrelerinin bir ba\u015fka ay\u0131rt edici \u00f6zelli\u011fi de \u015fudur: y\u00fcksek toz tutma kapasitesi, t\u00fcm [&hellip;]<\/p>\n","protected":false},"author":1,"featured_media":0,"parent":0,"menu_order":0,"comment_status":"closed","ping_status":"closed","template":"","meta":[],"_links":{"self":[{"href":"https:\/\/akisikfiltre.com.tr\/index.php\/wp-json\/wp\/v2\/pages\/802"}],"collection":[{"href":"https:\/\/akisikfiltre.com.tr\/index.php\/wp-json\/wp\/v2\/pages"}],"about":[{"href":"https:\/\/akisikfiltre.com.tr\/index.php\/wp-json\/wp\/v2\/types\/page"}],"author":[{"embeddable":true,"href":"https:\/\/akisikfiltre.com.tr\/index.php\/wp-json\/wp\/v2\/users\/1"}],"replies":[{"embeddable":true,"href":"https:\/\/akisikfiltre.com.tr\/index.php\/wp-json\/wp\/v2\/comments?post=802"}],"version-history":[{"count":23,"href":"https:\/\/akisikfiltre.com.tr\/index.php\/wp-json\/wp\/v2\/pages\/802\/revisions"}],"predecessor-version":[{"id":849,"href":"https:\/\/akisikfiltre.com.tr\/index.php\/wp-json\/wp\/v2\/pages\/802\/revisions\/849"}],"wp:attachment":[{"href":"https:\/\/akisikfiltre.com.tr\/index.php\/wp-json\/wp\/v2\/media?parent=802"}],"curies":[{"name":"wp","href":"https:\/\/api.w.org\/{rel}","templated":true}]}}