{"id":143,"date":"2016-09-24T01:55:05","date_gmt":"2016-09-23T22:55:05","guid":{"rendered":"http:\/\/sw-themes.com\/porto_dummy\/?page_id=143"},"modified":"2021-02-27T23:08:13","modified_gmt":"2021-02-27T20:08:13","slug":"ana-sayfa","status":"publish","type":"page","link":"https:\/\/akisikfiltre.com.tr\/","title":{"rendered":"Ana Sayfa"},"content":{"rendered":"<p>[vc_row wrap_container=&#8221;yes&#8221; css=&#8221;.vc_custom_1506768746063{padding-top: 40px !important;}&#8221;][vc_column]<div class=\"porto-carousel owl-carousel  stage-margin\" data-plugin-options=\"{&quot;stagePadding&quot;:100,&quot;margin&quot;:20,&quot;autoplay&quot;:&quot;yes&quot;,&quot;autoplayTimeout&quot;:1500,&quot;autoplayHoverPause&quot;:false,&quot;items&quot;:5,&quot;lg&quot;:4,&quot;md&quot;:3,&quot;sm&quot;:2,&quot;xs&quot;:1,&quot;nav&quot;:&quot;yes&quot;,&quot;dots&quot;:false,&quot;animateIn&quot;:&quot;&quot;,&quot;animateOut&quot;:&quot;&quot;,&quot;loop&quot;:&quot;yes&quot;,&quot;center&quot;:false,&quot;video&quot;:false,&quot;lazyLoad&quot;:false}\">[vc_single_image image=&#8221;881&#8243; img_size=&#8221;176\u00d7177&#8243; alignment=&#8221;center&#8221; el_class=&#8221;m-b-none&#8221;][vc_single_image image=&#8221;882&#8243; img_size=&#8221;176\u00d7177&#8243; alignment=&#8221;center&#8221; el_class=&#8221;m-b-none&#8221;][vc_single_image image=&#8221;883&#8243; img_size=&#8221;176\u00d7177&#8243; alignment=&#8221;center&#8221; el_class=&#8221;m-b-none&#8221;][vc_single_image image=&#8221;886&#8243; img_size=&#8221;&#8221; alignment=&#8221;center&#8221; el_class=&#8221;m-b-none&#8221;][vc_single_image image=&#8221;913&#8243; img_size=&#8221;176\u00d7177&#8243; alignment=&#8221;center&#8221; el_class=&#8221;m-b-none&#8221;][vc_single_image image=&#8221;885&#8243; img_size=&#8221;176\u00d7177&#8243; alignment=&#8221;center&#8221; el_class=&#8221;m-b-none&#8221;][vc_single_image image=&#8221;969&#8243; img_size=&#8221;176\u00d7177&#8243; alignment=&#8221;center&#8221; el_class=&#8221;m-b-none&#8221;][vc_single_image image=&#8221;970&#8243; img_size=&#8221;176\u00d7177&#8243; alignment=&#8221;center&#8221; el_class=&#8221;m-b-none&#8221;][vc_single_image image=&#8221;971&#8243; img_size=&#8221;176\u00d7177&#8243; alignment=&#8221;center&#8221; el_class=&#8221;m-b-none&#8221;]<\/div>[vc_empty_space height=&#8221;22px&#8221;][\/vc_column][\/vc_row][vc_row full_width=&#8221;stretch_row&#8221; css=&#8221;.vc_custom_1507552312584{margin-top: -20px !important;margin-bottom: -10px !important;padding-top: 10px !important;background-color: #333333 !important;}&#8221;][vc_column][vc_custom_heading text=&#8221;AKI\u015eIK F\u0130LTRE&#8221; font_container=&#8221;tag:h1|font_size:50|text_align:center|color:%23ffffff&#8221; google_fonts=&#8221;font_family:Francois%20One%3Aregular|font_style:400%20regular%3A400%3Anormal&#8221; css=&#8221;.vc_custom_1508165964601{margin-top: 30px !important;margin-bottom: 50px !important;}&#8221;][\/vc_column][\/vc_row][vc_row][vc_column][vc_custom_heading text=&#8221;H\u0130ZMETLER\u0130M\u0130Z&#8221; font_container=&#8221;tag:h1|font_size:50|text_align:center&#8221; google_fonts=&#8221;font_family:Francois%20One%3Aregular|font_style:400%20regular%3A400%3Anormal&#8221; css=&#8221;.vc_custom_1507289202144{margin-top: 20px !important;}&#8221;][\/vc_column][\/vc_row][vc_row][vc_column][vc_row_inner][vc_column_inner width=&#8221;1\/3&#8243;]<div class=\"porto-image-frame \"><span class=\"thumb-info align-center thumb-info-hide-wrapper-bg thumb-info-centered-info thumb-info-no-borders\"><a href=\"http:\/\/akisikfiltre.com.tr\/2017\/index.php\/mann-filtre\/\" title=\"\" target=\"_self\"><span class=\"thumb-info-wrapper\"><img alt=\"\" src=\"\/\/akisikfiltre.com.tr\/wp-content\/uploads\/2016\/09\/mannfilter.jpg\" class=\"img-responsive\"><span class=\"thumb-info-action\"><span class=\"thumb-info-action-icon\"><i class=\"fa fa-link\"><\/i><\/span><\/span><\/span><\/a><\/span><\/div>[vc_column_text]<\/p>\n<h4 style=\"text-align: center;\"><strong>MANN F\u0130LTRE<\/strong><\/h4>\n<p>[\/vc_column_text][vc_separator color=&#8221;custom&#8221; css=&#8221;.vc_custom_1507538826772{margin-top: -20px !important;}&#8221; accent_color=&#8221;#1ec9b8&#8243;][vc_column_text css=&#8221;.vc_custom_1507550315895{margin-top: -18px !important;}&#8221;]<strong><span style=\"color: #6e706f;\">MANN-FILTER filtreleri; performanslar\u0131, uzun \u00e7al\u0131\u015fma \u00f6m\u00fcrleri ve g\u00fcvenilirlikleri ile d\u00fcnyan\u0131n her yerindeki ara\u00e7 s\u00fcr\u00fcc\u00fclerini etkilemektedir.<\/span><\/strong>[\/vc_column_text][vc_separator color=&#8221;custom&#8221; css=&#8221;.vc_custom_1507538826772{margin-top: -20px !important;}&#8221; accent_color=&#8221;#1ec9b8&#8243;][\/vc_column_inner][vc_column_inner width=&#8221;1\/3&#8243;]<div class=\"porto-image-frame \"><span class=\"thumb-info align-center thumb-info-hide-wrapper-bg thumb-info-centered-info thumb-info-no-borders\"><a href=\"http:\/\/akisikfiltre.com.tr\/2017\/index.php\/general-filtre\/\" title=\"\" target=\"_self\"><span class=\"thumb-info-wrapper\"><img alt=\"\" src=\"\/\/akisikfiltre.com.tr\/wp-content\/uploads\/2016\/09\/general\u00f6nsayfa.jpg\" class=\"img-responsive\"><span class=\"thumb-info-action\"><span class=\"thumb-info-action-icon\"><i class=\"fa fa-link\"><\/i><\/span><\/span><\/span><\/a><\/span><\/div>[vc_column_text]<\/p>\n<h4 style=\"text-align: center;\"><strong>GENERAL F\u0130LTRE<\/strong><\/h4>\n<p>[\/vc_column_text][vc_separator color=&#8221;custom&#8221; css=&#8221;.vc_custom_1507538826772{margin-top: -20px !important;}&#8221; accent_color=&#8221;#1ec9b8&#8243;][vc_column_text css=&#8221;.vc_custom_1510395272117{margin-top: -18px !important;}&#8221;]<strong><span style=\"color: #6e706f;\">Bu marka g\u00fcc\u00fc- \u201cGENERAL\u201d-, d\u00fcnya \u00e7ap\u0131nda ger\u00e7ekle\u015ftirilen bir grup aktivite ile olduk\u00e7a yenilik\u00e7i olan ara\u015ft\u0131rma geli\u015ftirme (AR&amp;GE)\u00a0<\/span><\/strong>[\/vc_column_text][vc_separator color=&#8221;custom&#8221; css=&#8221;.vc_custom_1507538826772{margin-top: -20px !important;}&#8221; accent_color=&#8221;#1ec9b8&#8243;][\/vc_column_inner][vc_column_inner width=&#8221;1\/3&#8243;]<div class=\"porto-image-frame \"><span class=\"thumb-info align-center thumb-info-hide-wrapper-bg thumb-info-centered-info thumb-info-no-borders\"><a href=\"http:\/\/akisikfiltre.com.tr\/2017\/index.php\/fleetguard-filtre\/\" title=\"\" target=\"_self\"><span class=\"thumb-info-wrapper\"><img alt=\"\" src=\"\/\/akisikfiltre.com.tr\/wp-content\/uploads\/2016\/09\/fleetguard-1.jpg\" class=\"img-responsive\"><span class=\"thumb-info-action\"><span class=\"thumb-info-action-icon\"><i class=\"fa fa-link\"><\/i><\/span><\/span><\/span><\/a><\/span><\/div>[vc_column_text]<\/p>\n<h4 style=\"text-align: center;\"><strong>FLEETGUARD F\u0130LTRE<\/strong><\/h4>\n<p>[\/vc_column_text][vc_separator color=&#8221;custom&#8221; css=&#8221;.vc_custom_1507538826772{margin-top: -20px !important;}&#8221; accent_color=&#8221;#1ec9b8&#8243;][vc_column_text css=&#8221;.vc_custom_1507550395732{margin-top: -18px !important;}&#8221;]<strong><span style=\"color: #6e706f;\">Fleetguard Filtreleri Cummins motor \u015firketi taraf\u0131ndan 1958 y\u0131l\u0131nda y\u00fcksek performansl\u0131 Cummins dizel motor ihtiya\u00e7lar\u0131n\u0131 kar\u015f\u0131lamak \u00fczere kurulmu\u015ftur.<\/span><\/strong>[\/vc_column_text][vc_separator color=&#8221;custom&#8221; css=&#8221;.vc_custom_1507538826772{margin-top: -20px !important;}&#8221; accent_color=&#8221;#1ec9b8&#8243;][\/vc_column_inner][\/vc_row_inner][vc_row_inner][vc_column_inner width=&#8221;1\/3&#8243;]<div class=\"porto-image-frame \"><span class=\"thumb-info align-center thumb-info-hide-wrapper-bg thumb-info-centered-info thumb-info-no-borders\"><a href=\"http:\/\/akisikfiltre.com.tr\/2017\/index.php\/donaldson-filtre\/\" title=\"\" target=\"_self\"><span class=\"thumb-info-wrapper\"><img alt=\"\" src=\"\/\/akisikfiltre.com.tr\/wp-content\/uploads\/2016\/09\/donaldson-1.jpg\" class=\"img-responsive\"><span class=\"thumb-info-action\"><span class=\"thumb-info-action-icon\"><i class=\"fa fa-link\"><\/i><\/span><\/span><\/span><\/a><\/span><\/div>[vc_column_text]<\/p>\n<h4 style=\"text-align: center;\"><strong>DONALDSON F\u0130LTRE<\/strong><\/h4>\n<p>[\/vc_column_text][vc_separator color=&#8221;custom&#8221; css=&#8221;.vc_custom_1507538826772{margin-top: -20px !important;}&#8221; accent_color=&#8221;#1ec9b8&#8243;][vc_column_text css=&#8221;.vc_custom_1507551810743{margin-top: -18px !important;}&#8221;]<strong><span style=\"color: #6e706f;\">Donaldson , say\u0131lar\u0131 150 yi a\u015fan Orjinal Ekipman \u00dcreticisi firman\u0131n filtrasyon sistemleri ve yedek par\u00e7a ihtiyac\u0131 olan filtre elemanlar\u0131n\u0131n geli\u015ftirilmesi ve \u00fcretimi konusunda d\u00fcnya \u00e7ap\u0131nda \u00f6nde gelen tedarik\u00e7isi ve \u00e7\u00f6z\u00fcm orta\u011f\u0131d\u0131r.D\u00fcnya \u00e7ap\u0131nda 6 k\u0131tada \u00fcretim yapmaktad\u0131r.<\/span><\/strong>[\/vc_column_text][vc_separator color=&#8221;custom&#8221; accent_color=&#8221;#1ec9b8&#8243; css=&#8221;.vc_custom_1507538969728{margin-top: -25px !important;}&#8221;][\/vc_column_inner][vc_column_inner width=&#8221;1\/3&#8243;]<div class=\"porto-image-frame \"><span class=\"thumb-info align-center thumb-info-hide-wrapper-bg thumb-info-centered-info thumb-info-no-borders\"><a href=\"http:\/\/akisikfiltre.com.tr\/2017\/index.php\/fil-filtreleri\/\" title=\"\" target=\"_self\"><span class=\"thumb-info-wrapper\"><img alt=\"\" src=\"\/\/akisikfiltre.com.tr\/wp-content\/uploads\/2016\/09\/filfilter.jpg\" class=\"img-responsive\"><span class=\"thumb-info-action\"><span class=\"thumb-info-action-icon\"><i class=\"fa fa-link\"><\/i><\/span><\/span><\/span><\/a><\/span><\/div>[vc_column_text]<\/p>\n<h4 style=\"text-align: center;\"><strong>F\u0130L F\u0130LTRE<\/strong><\/h4>\n<p>[\/vc_column_text][vc_separator color=&#8221;custom&#8221; css=&#8221;.vc_custom_1507538826772{margin-top: -20px !important;}&#8221; accent_color=&#8221;#1ec9b8&#8243;][vc_column_text css=&#8221;.vc_custom_1510732933931{margin-top: -18px !important;}&#8221;]<strong><span style=\"color: #6e706f;\">1960\u2019l\u0131 y\u0131llar memleketimizde otomotiv ve yan sanayi sekt\u00f6rlerinde \u201ctemel ta\u015flar\u0131n\u201d konuldu\u011fu y\u0131llar olarak bilinmektedir. Fil Filtre \u00fcretim tesisleri, sahip oldu\u011fu \u201c\u0130lk T\u00fcrk Filtre Fabrikas\u0131\u201d unvan\u0131n\u0131 ba\u015far\u0131yla bu g\u00fcnlere kadar en iyi \u015fekilde ta\u015f\u0131m\u0131\u015ft\u0131r.<\/span><\/strong>[\/vc_column_text][vc_separator color=&#8221;custom&#8221; css=&#8221;.vc_custom_1507538826772{margin-top: -20px !important;}&#8221; accent_color=&#8221;#1ec9b8&#8243;][\/vc_column_inner][vc_column_inner width=&#8221;1\/3&#8243;]<div class=\"porto-image-frame \"><span class=\"thumb-info align-center thumb-info-hide-wrapper-bg thumb-info-centered-info thumb-info-no-borders\"><a href=\"http:\/\/akisikfiltre.com.tr\/2017\/index.php\/hengst-filtre\/\" title=\"\" target=\"_self\"><span class=\"thumb-info-wrapper\"><img alt=\"\" src=\"\/\/akisikfiltre.com.tr\/wp-content\/uploads\/2016\/09\/hengstfiltre.jpg\" class=\"img-responsive\"><span class=\"thumb-info-action\"><span class=\"thumb-info-action-icon\"><i class=\"fa fa-link\"><\/i><\/span><\/span><\/span><\/a><\/span><\/div>[vc_column_text]<\/p>\n<h4 style=\"text-align: center;\"><strong>HENGST F\u0130LTRE<\/strong><\/h4>\n<p>[\/vc_column_text][vc_separator color=&#8221;custom&#8221; css=&#8221;.vc_custom_1507538826772{margin-top: -20px !important;}&#8221; accent_color=&#8221;#1ec9b8&#8243;][vc_column_text css=&#8221;.vc_custom_1507551283706{margin-top: -18px !important;}&#8221;]<strong><span style=\"color: #6e706f;\">Hengst kendi sekt\u00f6r\u00fcnde kalitenin markas\u0131 olmu\u015ftur.T\u00fcrkiye piyasas\u0131nda yer alan benzer \u00fcr\u00fcnlere hem fiyat hem uzun \u00f6m\u00fcr avantaj\u0131 ile fark atmaktad\u0131r.Firmam\u0131z T\u00fcrkiye pazar\u0131na ili\u015fkin bir \u00e7ok yedek par\u00e7a i\u00e7in teklif sunmaktad\u0131r.<\/span><\/strong>[\/vc_column_text][vc_separator color=&#8221;custom&#8221; css=&#8221;.vc_custom_1507538826772{margin-top: -20px !important;}&#8221; accent_color=&#8221;#1ec9b8&#8243;][\/vc_column_inner][\/vc_row_inner][vc_row_inner][vc_column_inner width=&#8221;1\/3&#8243;]<div class=\"porto-image-frame \"><span class=\"thumb-info align-center thumb-info-hide-wrapper-bg thumb-info-centered-info thumb-info-no-borders\"><a href=\"http:\/\/akisikfiltre.com.tr\/2017\/index.php\/wunder-filtre\/\" title=\"\" target=\"_self\"><span class=\"thumb-info-wrapper\"><img alt=\"\" src=\"\/\/akisikfiltre.com.tr\/wp-content\/uploads\/2016\/09\/wunderfilter\u00f6n.jpg\" class=\"img-responsive\"><span class=\"thumb-info-action\"><span class=\"thumb-info-action-icon\"><i class=\"fa fa-link\"><\/i><\/span><\/span><\/span><\/a><\/span><\/div>[vc_column_text]<\/p>\n<h4 style=\"text-align: center;\"><strong>WUNDER F\u0130LTRE<\/strong><\/h4>\n<p>[\/vc_column_text][vc_separator color=&#8221;custom&#8221; css=&#8221;.vc_custom_1507538826772{margin-top: -20px !important;}&#8221; accent_color=&#8221;#1ec9b8&#8243;][vc_column_text css=&#8221;.vc_custom_1510733238282{margin-top: -18px !important;}&#8221;]<strong><span style=\"color: #6e706f;\">\u201cWunder Filtre\u201d, motor \u00f6mr\u00fcn\u00fc uzatan hava ve polen filtrelerinde en kaliteli hammaddeleri kullan\u0131r. Bunun yan\u0131nda, orta\u011f\u0131 oldu\u011fu yurtd\u0131\u015f\u0131 tesislerindede \u00fcretilen ya\u011f ve yak\u0131t filtreleri dayan\u0131kl\u0131,uzun \u00f6m\u00fcrl\u00fc ve \u00fcst d\u00fczey kaliteye sahiptir.<\/span><\/strong>[\/vc_column_text][vc_separator color=&#8221;custom&#8221; accent_color=&#8221;#1ec9b8&#8243; css=&#8221;.vc_custom_1507538969728{margin-top: -25px !important;}&#8221;][\/vc_column_inner][vc_column_inner width=&#8221;1\/3&#8243;]<div class=\"porto-image-frame \"><span class=\"thumb-info align-center thumb-info-hide-wrapper-bg thumb-info-centered-info thumb-info-no-borders\"><a href=\"http:\/\/akisikfiltre.com.tr\/2017\/index.php\/baldwin-filtre\/\" title=\"\" target=\"_self\"><span class=\"thumb-info-wrapper\"><img alt=\"\" src=\"\/\/akisikfiltre.com.tr\/wp-content\/uploads\/2016\/09\/baldwin-\u00f6n.jpg\" class=\"img-responsive\"><span class=\"thumb-info-action\"><span class=\"thumb-info-action-icon\"><i class=\"fa fa-link\"><\/i><\/span><\/span><\/span><\/a><\/span><\/div>[vc_column_text]<\/p>\n<h4 style=\"text-align: center;\"><strong>BALDW\u0130N F\u0130LTRE<\/strong><\/h4>\n<p>[\/vc_column_text][vc_separator color=&#8221;custom&#8221; css=&#8221;.vc_custom_1507538826772{margin-top: -20px !important;}&#8221; accent_color=&#8221;#1ec9b8&#8243;][vc_column_text css=&#8221;.vc_custom_1510733085834{margin-top: -18px !important;}&#8221;]<strong><span style=\"color: #6e706f;\">1936 y\u0131l\u0131nda kurulmu\u015f Baldwin Firmas\u0131 5500 \u00e7e\u015fit filtrenin \u00fcretimini yapmaktad\u0131r.Baldwin Filtreleri\u2019nin amac\u0131 orijinal filtre spesifikasyonlar\u0131na ula\u015fmakt\u0131r. Yan sanayi \u00fcretiminin yan\u0131nda bir\u00e7ok i\u015f makinesi \u00fcreticisine orijinal olarak filtre \u00fcretmektedir.<\/span><\/strong>[\/vc_column_text][vc_separator color=&#8221;custom&#8221; css=&#8221;.vc_custom_1507538826772{margin-top: -20px !important;}&#8221; accent_color=&#8221;#1ec9b8&#8243;][\/vc_column_inner][vc_column_inner width=&#8221;1\/3&#8243;]<div class=\"porto-image-frame \"><span class=\"thumb-info align-center thumb-info-hide-wrapper-bg thumb-info-centered-info thumb-info-no-borders\"><a href=\"http:\/\/akisikfiltre.com.tr\/2017\/index.php\/bavaria-filtre\/\" title=\"\" target=\"_self\"><span class=\"thumb-info-wrapper\"><img alt=\"\" src=\"\/\/akisikfiltre.com.tr\/wp-content\/uploads\/2016\/09\/bavaria_on.jpg\" class=\"img-responsive\"><span class=\"thumb-info-action\"><span class=\"thumb-info-action-icon\"><i class=\"fa fa-link\"><\/i><\/span><\/span><\/span><\/a><\/span><\/div>[vc_column_text]<\/p>\n<h4 style=\"text-align: center;\"><strong>BAVAR\u0130A F\u0130LTRE WERKE<\/strong><\/h4>\n<p>[\/vc_column_text][vc_separator color=&#8221;custom&#8221; css=&#8221;.vc_custom_1507538826772{margin-top: -20px !important;}&#8221; accent_color=&#8221;#1ec9b8&#8243;][vc_column_text css=&#8221;.vc_custom_1510745386535{margin-top: -18px !important;}&#8221;]<strong><span style=\"color: #6e706f;\">Firmam\u0131z alternatif \u00fcr\u00fcnlerin sunulmas\u0131n\u0131n m\u00fc\u015fterilerimize komple hizmet sunulmas\u0131 ,\u00fcr\u00fcn gam\u0131n\u0131n geni\u015fletilmesi ve kay\u0131p sat\u0131\u015f yap\u0131lmamas\u0131 amac\u0131yla ka\u00e7\u0131n\u0131lmaz oldu\u011funu tespit etmi\u015f ve 2007 y\u0131l\u0131nda Bavaria Filter Werke markas\u0131n\u0131 pazara s\u00fcrm\u00fc\u015ft\u00fcr.\u00a0<\/span><\/strong>[\/vc_column_text][vc_separator color=&#8221;custom&#8221; css=&#8221;.vc_custom_1507538826772{margin-top: -20px !important;}&#8221; accent_color=&#8221;#1ec9b8&#8243;][\/vc_column_inner][\/vc_row_inner][\/vc_column][\/vc_row][vc_row wrap_container=&#8221;yes&#8221; text_align=&#8221;center&#8221; is_section=&#8221;yes&#8221; section_color_scale=&#8221;scale-8&#8243; remove_margin_bottom=&#8221;yes&#8221; remove_border=&#8221;yes&#8221;][vc_column][vc_custom_heading text=&#8221;\u0130LET\u0130\u015e\u0130M&#8221; font_container=&#8221;tag:h1|font_size:50|text_align:center&#8221; google_fonts=&#8221;font_family:Francois%20One%3Aregular|font_style:400%20regular%3A400%3Anormal&#8221; skin=&#8221;light&#8221;][vc_row_inner][vc_column_inner width=&#8221;1\/2&#8243;][vc_column_text]<\/p>\n<ul class=\"list list-icons m-t-lg\">\n<li style=\"text-align: left;\"><i class=\"fa fa-map-marker\"><\/i> <strong><span style=\"color: white;\"><u>Adres:<\/u><\/span> <span style=\"color: white;\">\u0130.O.S.B. Dolapdere Sanayi Sitesi 20.Ada No:23 \u0130kitelli<br \/>\nBa\u015fak\u015fehir-\u0130stanbul<\/span><\/strong><\/li>\n<li style=\"text-align: left;\"><i class=\"fa fa-phone\"><\/i> <strong><span style=\"color: white;\"><u>Tel:<\/u><\/span>\u00a0 \u00a0 \u00a0\u00a0<span style=\"color: white;\">+90 212 671 12 97-99<\/span><\/strong><\/li>\n<li style=\"text-align: left;\"><i class=\"fa fa-fax\"><\/i> <strong><span style=\"color: white;\"><u>Fax:<\/u>\u00a0 \u00a0 \u00a0<\/span><span style=\"color: white;\">+90 212 671 12 88<\/span><\/strong><\/li>\n<li style=\"text-align: left;\"><i class=\"fa fa-envelope\"><\/i><strong><span style=\"color: white;\"><u>Email:<\/u><\/span><\/strong> <a href=\"mailto:info@akisikfiltre.com.tr\">info@akisikfiltre.com.tr<\/a><\/li>\n<\/ul>\n<p>[\/vc_column_text][\/vc_column_inner][vc_column_inner width=&#8221;1\/2&#8243;][vc_column_text css=&#8221;.vc_custom_1508169912282{margin-top: 30px !important;}&#8221;]<iframe src=\"https:\/\/www.google.com\/maps\/d\/embed?mid=1Nt06KcRvS0YcpjmfL5i5SVTlcQg\" width=\"520\" height=\"380\"><\/iframe>[\/vc_column_text][\/vc_column_inner][\/vc_row_inner][\/vc_column][\/vc_row][vc_row wrap_container=&#8221;yes&#8221; text_align=&#8221;center&#8221; is_section=&#8221;yes&#8221; section_skin=&#8221;parallax&#8221; remove_margin_top=&#8221;yes&#8221; remove_margin_bottom=&#8221;yes&#8221; remove_padding_bottom=&#8221;yes&#8221; remove_border=&#8221;yes&#8221;][vc_column][vc_custom_heading text=&#8221;HAKKIMIZDA&#8221; font_container=&#8221;tag:h1|font_size:50|text_align:center&#8221; google_fonts=&#8221;font_family:Francois%20One%3Aregular|font_style:400%20regular%3A400%3Anormal&#8221; el_class=&#8221;font-weight-semibold m-b-none&#8221;][vc_separator color=&#8221;custom&#8221; css=&#8221;.vc_custom_1507556660475{margin-top: 20px !important;}&#8221;][vc_column_text]<\/p>\n<h4 style=\"text-align: center;\">AKI\u015eIK F\u0130LTRE Otomotiv ve End\u00fcstriyel alandaki t\u00fcm filtre ihtiya\u00e7lar\u0131n\u0131z\u0131 b\u00fcnyesinde bar\u0131nd\u0131ran y\u0131llar\u0131n vermi\u015f oldu\u011fu sekt\u00f6rel tecr\u00fcbeyle ihtiya\u00e7lar\u0131n\u0131z\u0131 en k\u0131sa s\u00fcrede ve en kalite hizmetle kar\u015f\u0131lamak i\u00e7in kurulan bir filtre firmas\u0131d\u0131r.D\u00fcr\u00fcst, g\u00fcvenilir, gizli kapakl\u0131 bir y\u00f6n\u00fc olmayan tarzda, \u2018A\u00e7\u0131k Kitap Yakla\u015f\u0131m\u0131\u2019 ile ili\u015fkiler kurarak, m\u00fc\u015fteri ile ayn\u0131 derecede sorumluluk hissedip; tutarl\u0131, do\u011fru, istikrarl\u0131 ve s\u00fcrekli geribildirimlerle m\u00fc\u015fteri memnuniyetini maksimum seviyede tutan bir anlay\u0131\u015fta i\u015f yapmak.<\/h4>\n<p>[\/vc_column_text][vc_separator color=&#8221;custom&#8221;][vc_row_inner][vc_column_inner width=&#8221;1\/2&#8243;][vc_column_text css=&#8221;.vc_custom_1507555763939{margin-top: 30px !important;}&#8221;][\/vc_column_text][\/vc_column_inner][vc_column_inner width=&#8221;1\/2&#8243;][vc_single_image image=&#8221;858&#8243; img_size=&#8221;full&#8221; alignment=&#8221;center&#8221; style=&#8221;vc_box_shadow_3d&#8221; onclick=&#8221;zoom&#8221; css=&#8221;.vc_custom_1507293381283{margin-top: 30px !important;}&#8221;][\/vc_column_inner][\/vc_row_inner][\/vc_column][\/vc_row]<\/p>\n","protected":false},"excerpt":{"rendered":"<p>[vc_row wrap_container=&#8221;yes&#8221; css=&#8221;.vc_custom_1506768746063{padding-top: 40px !important;}&#8221;][vc_column][vc_empty_space height=&#8221;22px&#8221;][\/vc_column][\/vc_row][vc_row full_width=&#8221;stretch_row&#8221; css=&#8221;.vc_custom_1507552312584{margin-top: -20px !important;margin-bottom: -10px !important;padding-top: 10px !important;background-color: #333333 !important;}&#8221;][vc_column][vc_custom_heading text=&#8221;AKI\u015eIK F\u0130LTRE&#8221; font_container=&#8221;tag:h1|font_size:50|text_align:center|color:%23ffffff&#8221; google_fonts=&#8221;font_family:Francois%20One%3Aregular|font_style:400%20regular%3A400%3Anormal&#8221; css=&#8221;.vc_custom_1508165964601{margin-top: 30px !important;margin-bottom: 50px !important;}&#8221;][\/vc_column][\/vc_row][vc_row][vc_column][vc_custom_heading text=&#8221;H\u0130ZMETLER\u0130M\u0130Z&#8221; font_container=&#8221;tag:h1|font_size:50|text_align:center&#8221; google_fonts=&#8221;font_family:Francois%20One%3Aregular|font_style:400%20regular%3A400%3Anormal&#8221; css=&#8221;.vc_custom_1507289202144{margin-top: 20px !important;}&#8221;][\/vc_column][\/vc_row][vc_row][vc_column][vc_row_inner][vc_column_inner width=&#8221;1\/3&#8243;][vc_column_text] MANN F\u0130LTRE [\/vc_column_text][vc_separator color=&#8221;custom&#8221; css=&#8221;.vc_custom_1507538826772{margin-top: -20px !important;}&#8221; accent_color=&#8221;#1ec9b8&#8243;][vc_column_text css=&#8221;.vc_custom_1507550315895{margin-top: -18px !important;}&#8221;]MANN-FILTER filtreleri; performanslar\u0131, uzun \u00e7al\u0131\u015fma \u00f6m\u00fcrleri ve g\u00fcvenilirlikleri ile d\u00fcnyan\u0131n her yerindeki ara\u00e7 [&hellip;]<\/p>\n","protected":false},"author":1,"featured_media":0,"parent":0,"menu_order":0,"comment_status":"closed","ping_status":"closed","template":"","meta":[],"_links":{"self":[{"href":"https:\/\/akisikfiltre.com.tr\/index.php\/wp-json\/wp\/v2\/pages\/143"}],"collection":[{"href":"https:\/\/akisikfiltre.com.tr\/index.php\/wp-json\/wp\/v2\/pages"}],"about":[{"href":"https:\/\/akisikfiltre.com.tr\/index.php\/wp-json\/wp\/v2\/types\/page"}],"author":[{"embeddable":true,"href":"https:\/\/akisikfiltre.com.tr\/index.php\/wp-json\/wp\/v2\/users\/1"}],"replies":[{"embeddable":true,"href":"https:\/\/akisikfiltre.com.tr\/index.php\/wp-json\/wp\/v2\/comments?post=143"}],"version-history":[{"count":51,"href":"https:\/\/akisikfiltre.com.tr\/index.php\/wp-json\/wp\/v2\/pages\/143\/revisions"}],"predecessor-version":[{"id":1032,"href":"https:\/\/akisikfiltre.com.tr\/index.php\/wp-json\/wp\/v2\/pages\/143\/revisions\/1032"}],"wp:attachment":[{"href":"https:\/\/akisikfiltre.com.tr\/index.php\/wp-json\/wp\/v2\/media?parent=143"}],"curies":[{"name":"wp","href":"https:\/\/api.w.org\/{rel}","templated":true}]}}