{"id":931,"date":"2017-11-15T09:28:36","date_gmt":"2017-11-15T07:28:36","guid":{"rendered":"http:\/\/akisikfiltre.com.tr\/2017\/?page_id=931"},"modified":"2017-11-15T09:47:15","modified_gmt":"2017-11-15T07:47:15","slug":"wunder-filtre","status":"publish","type":"page","link":"http:\/\/akisikfiltre.com.tr\/index.php\/wunder-filtre\/","title":{"rendered":"WUNDER F\u0130LTRE"},"content":{"rendered":"<p>[vc_row full_width=&#8221;stretch_row&#8221; css=&#8221;.vc_custom_1510730913051{margin-top: -20px !important;margin-bottom: -10px !important;padding-top: 10px !important;background-color: #2e3494 !important;}&#8221;][vc_column][vc_column_text css=&#8221;.vc_custom_1510732027609{margin-top: 10px !important;margin-bottom: 10px !important;}&#8221;]<\/p>\n<h2><span style=\"color: white;\">WUNDER F\u0130LTRE<\/span><\/h2>\n<p>[\/vc_column_text][\/vc_column][\/vc_row][vc_row][vc_column width=&#8221;1\/4&#8243; css=&#8221;.vc_custom_1506342808023{background-position: center !important;background-repeat: no-repeat !important;background-size: contain !important;}&#8221;][vc_wp_custommenu title=&#8221;F\u0130LTRELER&#8221; nav_menu=&#8221;14&#8243;][\/vc_column][vc_column width=&#8221;3\/4&#8243;][vc_column_text]<img loading=\"lazy\" class=\"size-medium wp-image-932 alignleft\" src=\"http:\/\/akisikfiltre.com.tr\/2017\/wp-content\/uploads\/2017\/11\/wunderi\u00e7-300x235.jpg\" alt=\"\" width=\"300\" height=\"235\" \/>Bilyap Otomotiv 2001 y\u0131l\u0131nda kurulmu\u015f olup, Otomotiv yan sanayi sekt\u00f6r\u00fcnde \u201cWunder\u201d markas\u0131 alt\u0131nda filtre imalat\u0131 ve toptan sat\u0131\u015f\u0131n\u0131 ger\u00e7ekle\u015ftirmektedir.<\/p>\n<p>\u201cWunder Filtre\u201d, motor \u00f6mr\u00fcn\u00fc uzatan hava ve polen filtrelerinde en kaliteli hammaddeleri kullan\u0131r. Bunun yan\u0131nda, orta\u011f\u0131 oldu\u011fu yurtd\u0131\u015f\u0131 tesislerde \u00fcretilen ya\u011f ve yak\u0131t filtreleri \u00fcst d\u00fczey kaliteye sahiptir.<\/p>\n<p>Geni\u015f \u00fcr\u00fcn yelpazesine sahip olan \u015firketimiz, T\u00fcrkiye ve D\u00fcnya genelindeki pazar pay\u0131n\u0131 g\u00fcn be g\u00fcn art\u0131rmaya devam etmektedir. T\u00fcrkiye i\u00e7 piyasas\u0131 ba\u015fta olmak \u00fczere Ukrayna, Rusya, Beyaz Rusya, Azerbaycan, G\u00fcrcistan, Arnavutluk, Bulgaristan, Cezayir, Fas, Yunanistan, K\u0131br\u0131s, Tunus, S\u0131rbistan, Bosna, Avusturya ve Makedonya \u00fclkelerine ihracatlar\u0131m\u0131z her ge\u00e7en g\u00fcn artan bir ivmeyle devam etmekte olup, markam\u0131z\u0131n d\u00fcnya \u00fclkeleri genelinde itibar g\u00f6rmesini sa\u011flam\u0131\u015f bulunmaktay\u0131z.<\/p>\n<p>Bilyap Otomotiv, \u201cWunder\u201d marka kaliteli ve zengin \u00e7e\u015fitli filtre \u00fcr\u00fcnleri ile i\u00e7 piyasaya h\u00e2kim olmu\u015ftur. Ayr\u0131ca otomotiv yan sanayi sekt\u00f6r\u00fcnde yine \u201cWunder\u201d filtre markas\u0131 ile aranan bir firma konumuna gelmi\u015ftir.<\/p>\n<p>Ba\u015fta binek araba olmak \u00fczere, hafif ticari ara\u00e7lar\u0131nda hava, polen, ya\u011f ve yak\u0131t filtresi stoklar\u0131m\u0131zda mevcuttur. \u00dcr\u00fcnlerimizin kalitesi, motor \u00f6mr\u00fcn\u00fc uzatacak \u015fekilde tasarlanm\u0131\u015ft\u0131r.\u00a0 Piyasaya sundu\u011fumuz filtrelerin \u00f6ncelikli olarak kaliteli olmas\u0131na \u00f6zen g\u00f6steriyor, \u00fcretimimizi de bu do\u011frultuda ger\u00e7ekle\u015ftiriyoruz.<\/p>\n<p>[\/vc_column_text][\/vc_column][\/vc_row][vc_row][vc_column width=&#8221;1\/2&#8243;][\/vc_column][vc_column width=&#8221;1\/2&#8243; css=&#8221;.vc_custom_1505900358751{margin-left: -50px !important;}&#8221;][\/vc_column][\/vc_row]<\/p>\n","protected":false},"excerpt":{"rendered":"<p>[vc_row full_width=&#8221;stretch_row&#8221; css=&#8221;.vc_custom_1510730913051{margin-top: -20px !important;margin-bottom: -10px !important;padding-top: 10px !important;background-color: #2e3494 !important;}&#8221;][vc_column][vc_column_text css=&#8221;.vc_custom_1510732027609{margin-top: 10px !important;margin-bottom: 10px !important;}&#8221;] WUNDER F\u0130LTRE [\/vc_column_text][\/vc_column][\/vc_row][vc_row][vc_column width=&#8221;1\/4&#8243; css=&#8221;.vc_custom_1506342808023{background-position: center !important;background-repeat: no-repeat !important;background-size: contain !important;}&#8221;][vc_wp_custommenu title=&#8221;F\u0130LTRELER&#8221; nav_menu=&#8221;14&#8243;][\/vc_column][vc_column width=&#8221;3\/4&#8243;][vc_column_text]Bilyap Otomotiv 2001 y\u0131l\u0131nda kurulmu\u015f olup, Otomotiv yan sanayi sekt\u00f6r\u00fcnde \u201cWunder\u201d markas\u0131 alt\u0131nda filtre imalat\u0131 ve toptan sat\u0131\u015f\u0131n\u0131 ger\u00e7ekle\u015ftirmektedir. \u201cWunder Filtre\u201d, motor \u00f6mr\u00fcn\u00fc uzatan hava ve [&hellip;]<\/p>\n","protected":false},"author":1,"featured_media":0,"parent":0,"menu_order":0,"comment_status":"closed","ping_status":"closed","template":"","meta":[],"_links":{"self":[{"href":"http:\/\/akisikfiltre.com.tr\/index.php\/wp-json\/wp\/v2\/pages\/931"}],"collection":[{"href":"http:\/\/akisikfiltre.com.tr\/index.php\/wp-json\/wp\/v2\/pages"}],"about":[{"href":"http:\/\/akisikfiltre.com.tr\/index.php\/wp-json\/wp\/v2\/types\/page"}],"author":[{"embeddable":true,"href":"http:\/\/akisikfiltre.com.tr\/index.php\/wp-json\/wp\/v2\/users\/1"}],"replies":[{"embeddable":true,"href":"http:\/\/akisikfiltre.com.tr\/index.php\/wp-json\/wp\/v2\/comments?post=931"}],"version-history":[{"count":2,"href":"http:\/\/akisikfiltre.com.tr\/index.php\/wp-json\/wp\/v2\/pages\/931\/revisions"}],"predecessor-version":[{"id":944,"href":"http:\/\/akisikfiltre.com.tr\/index.php\/wp-json\/wp\/v2\/pages\/931\/revisions\/944"}],"wp:attachment":[{"href":"http:\/\/akisikfiltre.com.tr\/index.php\/wp-json\/wp\/v2\/media?parent=931"}],"curies":[{"name":"wp","href":"https:\/\/api.w.org\/{rel}","templated":true}]}}