{"id":656,"date":"2017-09-18T16:29:13","date_gmt":"2017-09-18T13:29:13","guid":{"rendered":"http:\/\/akisikfiltre.com.tr\/2017\/?page_id=656"},"modified":"2017-09-25T18:48:43","modified_gmt":"2017-09-25T15:48:43","slug":"ozel-imalat-filtre","status":"publish","type":"page","link":"http:\/\/akisikfiltre.com.tr\/index.php\/ozel-imalat-filtre\/","title":{"rendered":"\u00d6ZEL \u0130MALAT F\u0130LTRE"},"content":{"rendered":"<p>[vc_row full_width=&#8221;stretch_row&#8221; css=&#8221;.vc_custom_1506344659991{margin-top: -20px !important;margin-bottom: -10px !important;padding-top: 10px !important;background-color: #f54a42 !important;}&#8221;][vc_column][vc_column_text css=&#8221;.vc_custom_1506354522499{margin-top: 10px !important;margin-bottom: 10px !important;}&#8221;]<\/p>\n<h3><span style=\"color: white;\">\u00d6ZEL \u0130MALAT F\u0130LTRE<\/span><\/h3>\n<p>[\/vc_column_text][\/vc_column][\/vc_row][vc_row][vc_column width=&#8221;1\/4&#8243;][vc_wp_custommenu nav_menu=&#8221;14&#8243; title=&#8221;F\u0130LTRELER&#8221;][\/vc_column][vc_column width=&#8221;3\/4&#8243;][vc_row_inner][vc_column_inner width=&#8221;1\/4&#8243;][vc_single_image image=&#8221;713&#8243; img_size=&#8221;full&#8221; style=&#8221;vc_box_outline&#8221; onclick=&#8221;link_image&#8221;][\/vc_column_inner][vc_column_inner width=&#8221;1\/4&#8243;][vc_single_image image=&#8221;714&#8243; img_size=&#8221;full&#8221; style=&#8221;vc_box_outline&#8221; onclick=&#8221;link_image&#8221;][\/vc_column_inner][vc_column_inner width=&#8221;1\/4&#8243;][vc_single_image image=&#8221;715&#8243; img_size=&#8221;full&#8221; style=&#8221;vc_box_outline&#8221; onclick=&#8221;link_image&#8221;][\/vc_column_inner][vc_column_inner width=&#8221;1\/4&#8243;][vc_single_image image=&#8221;716&#8243; img_size=&#8221;full&#8221; style=&#8221;vc_box_outline&#8221; onclick=&#8221;link_image&#8221;][\/vc_column_inner][\/vc_row_inner][vc_row_inner][vc_column_inner width=&#8221;1\/4&#8243;][vc_single_image image=&#8221;717&#8243; img_size=&#8221;full&#8221; style=&#8221;vc_box_outline&#8221; onclick=&#8221;link_image&#8221;][\/vc_column_inner][vc_column_inner width=&#8221;1\/4&#8243;][vc_single_image image=&#8221;718&#8243; img_size=&#8221;full&#8221; style=&#8221;vc_box_outline&#8221; onclick=&#8221;link_image&#8221;][\/vc_column_inner][vc_column_inner width=&#8221;1\/4&#8243;][vc_single_image image=&#8221;719&#8243; img_size=&#8221;full&#8221; style=&#8221;vc_box_outline&#8221; onclick=&#8221;link_image&#8221;][\/vc_column_inner][vc_column_inner width=&#8221;1\/4&#8243;][vc_single_image image=&#8221;720&#8243; img_size=&#8221;full&#8221; style=&#8221;vc_box_outline&#8221; onclick=&#8221;link_image&#8221;][\/vc_column_inner][\/vc_row_inner][vc_row_inner][vc_column_inner width=&#8221;1\/4&#8243;][vc_single_image image=&#8221;721&#8243; img_size=&#8221;full&#8221; style=&#8221;vc_box_outline&#8221; onclick=&#8221;link_image&#8221;][\/vc_column_inner][vc_column_inner width=&#8221;1\/4&#8243;][vc_single_image image=&#8221;722&#8243; img_size=&#8221;full&#8221; style=&#8221;vc_box_outline&#8221; onclick=&#8221;link_image&#8221;][\/vc_column_inner][vc_column_inner width=&#8221;1\/4&#8243;][vc_single_image image=&#8221;723&#8243; img_size=&#8221;full&#8221; style=&#8221;vc_box_outline&#8221; onclick=&#8221;link_image&#8221;][\/vc_column_inner][vc_column_inner width=&#8221;1\/4&#8243;][vc_single_image image=&#8221;724&#8243; img_size=&#8221;full&#8221; style=&#8221;vc_box_outline&#8221; onclick=&#8221;link_image&#8221;][\/vc_column_inner][\/vc_row_inner][vc_row_inner][vc_column_inner width=&#8221;1\/4&#8243;][vc_single_image image=&#8221;725&#8243; img_size=&#8221;full&#8221; style=&#8221;vc_box_outline&#8221; onclick=&#8221;link_image&#8221;][\/vc_column_inner][\/vc_row_inner][\/vc_column][\/vc_row]<\/p>\n","protected":false},"excerpt":{"rendered":"<p>[vc_row full_width=&#8221;stretch_row&#8221; css=&#8221;.vc_custom_1506344659991{margin-top: -20px !important;margin-bottom: -10px !important;padding-top: 10px !important;background-color: #f54a42 !important;}&#8221;][vc_column][vc_column_text css=&#8221;.vc_custom_1506354522499{margin-top: 10px !important;margin-bottom: 10px !important;}&#8221;] \u00d6ZEL \u0130MALAT F\u0130LTRE [\/vc_column_text][\/vc_column][\/vc_row][vc_row][vc_column width=&#8221;1\/4&#8243;][vc_wp_custommenu nav_menu=&#8221;14&#8243; title=&#8221;F\u0130LTRELER&#8221;][\/vc_column][vc_column width=&#8221;3\/4&#8243;][vc_row_inner][vc_column_inner width=&#8221;1\/4&#8243;][vc_single_image image=&#8221;713&#8243; img_size=&#8221;full&#8221; style=&#8221;vc_box_outline&#8221; onclick=&#8221;link_image&#8221;][\/vc_column_inner][vc_column_inner width=&#8221;1\/4&#8243;][vc_single_image image=&#8221;714&#8243; img_size=&#8221;full&#8221; style=&#8221;vc_box_outline&#8221; onclick=&#8221;link_image&#8221;][\/vc_column_inner][vc_column_inner width=&#8221;1\/4&#8243;][vc_single_image image=&#8221;715&#8243; img_size=&#8221;full&#8221; style=&#8221;vc_box_outline&#8221; onclick=&#8221;link_image&#8221;][\/vc_column_inner][vc_column_inner width=&#8221;1\/4&#8243;][vc_single_image image=&#8221;716&#8243; img_size=&#8221;full&#8221; style=&#8221;vc_box_outline&#8221; onclick=&#8221;link_image&#8221;][\/vc_column_inner][\/vc_row_inner][vc_row_inner][vc_column_inner width=&#8221;1\/4&#8243;][vc_single_image image=&#8221;717&#8243; img_size=&#8221;full&#8221; style=&#8221;vc_box_outline&#8221; onclick=&#8221;link_image&#8221;][\/vc_column_inner][vc_column_inner width=&#8221;1\/4&#8243;][vc_single_image image=&#8221;718&#8243; img_size=&#8221;full&#8221; style=&#8221;vc_box_outline&#8221; onclick=&#8221;link_image&#8221;][\/vc_column_inner][vc_column_inner width=&#8221;1\/4&#8243;][vc_single_image [&hellip;]<\/p>\n","protected":false},"author":1,"featured_media":0,"parent":0,"menu_order":0,"comment_status":"closed","ping_status":"closed","template":"","meta":[],"_links":{"self":[{"href":"http:\/\/akisikfiltre.com.tr\/index.php\/wp-json\/wp\/v2\/pages\/656"}],"collection":[{"href":"http:\/\/akisikfiltre.com.tr\/index.php\/wp-json\/wp\/v2\/pages"}],"about":[{"href":"http:\/\/akisikfiltre.com.tr\/index.php\/wp-json\/wp\/v2\/types\/page"}],"author":[{"embeddable":true,"href":"http:\/\/akisikfiltre.com.tr\/index.php\/wp-json\/wp\/v2\/users\/1"}],"replies":[{"embeddable":true,"href":"http:\/\/akisikfiltre.com.tr\/index.php\/wp-json\/wp\/v2\/comments?post=656"}],"version-history":[{"count":6,"href":"http:\/\/akisikfiltre.com.tr\/index.php\/wp-json\/wp\/v2\/pages\/656\/revisions"}],"predecessor-version":[{"id":780,"href":"http:\/\/akisikfiltre.com.tr\/index.php\/wp-json\/wp\/v2\/pages\/656\/revisions\/780"}],"wp:attachment":[{"href":"http:\/\/akisikfiltre.com.tr\/index.php\/wp-json\/wp\/v2\/media?parent=656"}],"curies":[{"name":"wp","href":"https:\/\/api.w.org\/{rel}","templated":true}]}}