{"id":654,"date":"2017-09-18T16:28:56","date_gmt":"2017-09-18T13:28:56","guid":{"rendered":"http:\/\/akisikfiltre.com.tr\/2017\/?page_id=654"},"modified":"2017-09-25T15:52:26","modified_gmt":"2017-09-25T12:52:26","slug":"donaldson-filtre","status":"publish","type":"page","link":"http:\/\/akisikfiltre.com.tr\/index.php\/donaldson-filtre\/","title":{"rendered":"DONALDSON F\u0130LTRE"},"content":{"rendered":"<p>[vc_row full_width=&#8221;stretch_row&#8221; css=&#8221;.vc_custom_1506343918206{margin-top: -20px !important;margin-bottom: -10px !important;padding-top: 10px !important;background-color: #0268c3 !important;}&#8221;][vc_column][vc_column_text css=&#8221;.vc_custom_1506343937357{margin-top: 10px !important;margin-bottom: 10px !important;}&#8221;]<\/p>\n<h2><span style=\"color: white;\">DONALDSON F\u0130LTRE<\/span><\/h2>\n<p>[\/vc_column_text][\/vc_column][\/vc_row][vc_row][vc_column width=&#8221;1\/4&#8243; css=&#8221;.vc_custom_1506342808023{background-position: center !important;background-repeat: no-repeat !important;background-size: contain !important;}&#8221;][vc_wp_custommenu title=&#8221;F\u0130LTRELER&#8221; nav_menu=&#8221;14&#8243;][\/vc_column][vc_column width=&#8221;3\/4&#8243;][vc_column_text]<img loading=\"lazy\" class=\"size-medium wp-image-734 alignleft\" src=\"http:\/\/akisikfiltre.com.tr\/2017\/wp-content\/uploads\/2017\/09\/donaldson-filtre-300x235.jpg\" alt=\"\" width=\"300\" height=\"235\" \/>Donaldson , say\u0131lar\u0131 150 yi a\u015fan Orjinal Ekipman \u00dcreticisi firman\u0131n filtrasyon sistemleri ve yedek par\u00e7a ihtiyac\u0131 olan filtre elemanlar\u0131n\u0131n geli\u015ftirilmesi ve \u00fcretimi konusunda d\u00fcnya \u00e7ap\u0131nda \u00f6nde gelen tedarik\u00e7isi ve \u00e7\u00f6z\u00fcm orta\u011f\u0131d\u0131r. 1915 y\u0131l\u0131nda kurulan, Donaldson yenilik\u00e7i, ara\u015ft\u0131rma ve geli\u015ftirmeye \u00f6nem veren filtrasyon konusunda tatmin edici \u00e7\u00f6z\u00fcmler \u00fcreten m\u00fc\u015fteri ve teknoloji odakl\u0131 bir firmad\u0131r.<\/p>\n<p style=\"text-align: left;\">Donaldson, toz toplama, enerji \u00fcretimi, \u00f6zel filtrasyon, bas\u0131n\u00e7l\u0131 hava filtrasyonu , a\u011f\u0131r hizmet ekipmanlar\u0131, end\u00fcstriyel kompres\u00f6rler, kamyon ve hafif ticari ara\u00e7 dahil olmak \u00fczere end\u00fcstriyel ve motor piyasalar\u0131nda kullan\u0131lmakta olan ya\u011f, yak\u0131t, hidrolik , \u015fanzuman, hava , su korozyon , hava ya\u011f separat\u00f6rleri ana ba\u015fl\u0131klar\u0131nda \u00fcr\u00fcn \u00fcreterek m\u00fc\u015fterilerine hizmet vermektedir. D\u00fcnya \u00e7ap\u0131nda 6 k\u0131tada \u00fcretim yapan firma, konular\u0131nda uzman 13.600 \u2018\u00fc a\u015fk\u0131n personeli ile \u00fcr\u00fcn ve hizmet \u00fcretmektedir.<\/p>\n<p>[\/vc_column_text][vc_column_text][\/vc_column_text][\/vc_column][\/vc_row]<\/p>\n","protected":false},"excerpt":{"rendered":"<p>[vc_row full_width=&#8221;stretch_row&#8221; css=&#8221;.vc_custom_1506343918206{margin-top: -20px !important;margin-bottom: -10px !important;padding-top: 10px !important;background-color: #0268c3 !important;}&#8221;][vc_column][vc_column_text css=&#8221;.vc_custom_1506343937357{margin-top: 10px !important;margin-bottom: 10px !important;}&#8221;] DONALDSON F\u0130LTRE [\/vc_column_text][\/vc_column][\/vc_row][vc_row][vc_column width=&#8221;1\/4&#8243; css=&#8221;.vc_custom_1506342808023{background-position: center !important;background-repeat: no-repeat !important;background-size: contain !important;}&#8221;][vc_wp_custommenu title=&#8221;F\u0130LTRELER&#8221; nav_menu=&#8221;14&#8243;][\/vc_column][vc_column width=&#8221;3\/4&#8243;][vc_column_text]Donaldson , say\u0131lar\u0131 150 yi a\u015fan Orjinal Ekipman \u00dcreticisi firman\u0131n filtrasyon sistemleri ve yedek par\u00e7a ihtiyac\u0131 olan filtre elemanlar\u0131n\u0131n geli\u015ftirilmesi ve \u00fcretimi konusunda d\u00fcnya \u00e7ap\u0131nda \u00f6nde [&hellip;]<\/p>\n","protected":false},"author":1,"featured_media":0,"parent":0,"menu_order":0,"comment_status":"closed","ping_status":"closed","template":"","meta":[],"_links":{"self":[{"href":"http:\/\/akisikfiltre.com.tr\/index.php\/wp-json\/wp\/v2\/pages\/654"}],"collection":[{"href":"http:\/\/akisikfiltre.com.tr\/index.php\/wp-json\/wp\/v2\/pages"}],"about":[{"href":"http:\/\/akisikfiltre.com.tr\/index.php\/wp-json\/wp\/v2\/types\/page"}],"author":[{"embeddable":true,"href":"http:\/\/akisikfiltre.com.tr\/index.php\/wp-json\/wp\/v2\/users\/1"}],"replies":[{"embeddable":true,"href":"http:\/\/akisikfiltre.com.tr\/index.php\/wp-json\/wp\/v2\/comments?post=654"}],"version-history":[{"count":8,"href":"http:\/\/akisikfiltre.com.tr\/index.php\/wp-json\/wp\/v2\/pages\/654\/revisions"}],"predecessor-version":[{"id":772,"href":"http:\/\/akisikfiltre.com.tr\/index.php\/wp-json\/wp\/v2\/pages\/654\/revisions\/772"}],"wp:attachment":[{"href":"http:\/\/akisikfiltre.com.tr\/index.php\/wp-json\/wp\/v2\/media?parent=654"}],"curies":[{"name":"wp","href":"https:\/\/api.w.org\/{rel}","templated":true}]}}