{"id":20,"date":"2016-09-26T02:12:27","date_gmt":"2016-09-25T23:12:27","guid":{"rendered":"http:\/\/sw-themes.com\/porto_dummy\/?page_id=20"},"modified":"2021-02-27T23:08:23","modified_gmt":"2021-02-27T20:08:23","slug":"iletisim","status":"publish","type":"page","link":"http:\/\/akisikfiltre.com.tr\/index.php\/iletisim\/","title":{"rendered":"\u0130leti\u015fim"},"content":{"rendered":"<p>[vc_row][vc_column width=&#8221;1\/4&#8243;]<div class=\"porto-feature-box wpb_content_element \"><div class=\"feature-box feature-box-primary feature-box-style-2\"><div class=\"feature-box-icon\"><i class=\"Simple-Line-Icons-location-pin\" style=\"font-size:14px\"><\/i><\/div><div class=\"feature-box-info\">[vc_custom_heading text=&#8221;Adres&#8221; font_container=&#8221;tag:h3|text_align:left&#8221; use_theme_fonts=&#8221;yes&#8221; el_class=&#8221;m-b-sm font-weight-normal&#8221;][vc_column_text el_class=&#8221;font-size-lg&#8221;]<span style=\"color: black;\">AKI\u015eIK F\u0130LTRE<br \/>\n\u0130.O.S.B. DOLAPDERE SANAY\u0130 S\u0130TES\u0130 22. ADA B21 BLOK NO:2 \u0130K\u0130TELL\u0130<br \/>\nBA\u015eAK\u015eEH\u0130R-\u0130STANBUL<\/span>[\/vc_column_text]<\/div><\/div><\/div>[\/vc_column][vc_column width=&#8221;1\/4&#8243;]<div class=\"porto-feature-box wpb_content_element \"><div class=\"feature-box feature-box-primary feature-box-style-2\"><div class=\"feature-box-icon\"><i class=\"Simple-Line-Icons-phone\" style=\"font-size:14px\"><\/i><\/div><div class=\"feature-box-info\">[vc_custom_heading text=&#8221;Telefon&#8221; font_container=&#8221;tag:h3|text_align:left&#8221; use_theme_fonts=&#8221;yes&#8221; el_class=&#8221;m-b-sm font-weight-normal&#8221;][vc_column_text el_class=&#8221;font-size-lg&#8221;]<span style=\"color: black;\">+90 212 671 12 97<br \/>\n+90 212 671 12 99<\/span>[\/vc_column_text]<\/div><\/div><\/div>[\/vc_column][vc_column width=&#8221;1\/4&#8243;]<div class=\"porto-feature-box wpb_content_element \"><div class=\"feature-box feature-box-primary feature-box-style-2\"><div class=\"feature-box-icon\"><i class=\"Simple-Line-Icons-phone\" style=\"font-size:14px\"><\/i><\/div><div class=\"feature-box-info\">[vc_custom_heading text=&#8221;Fax&#8221; font_container=&#8221;tag:h3|text_align:left&#8221; use_theme_fonts=&#8221;yes&#8221; el_class=&#8221;m-b-sm font-weight-normal&#8221;][vc_column_text el_class=&#8221;font-size-lg&#8221;]<span style=\"color: black;\">+90 (212) 671 1288<\/span>[\/vc_column_text]<\/div><\/div><\/div>[\/vc_column][vc_column width=&#8221;1\/4&#8243;]<div class=\"porto-feature-box wpb_content_element \"><div class=\"feature-box feature-box-primary feature-box-style-2\"><div class=\"feature-box-icon\"><i class=\"Simple-Line-Icons-envelope\" style=\"font-size:14px\"><\/i><\/div><div class=\"feature-box-info\">[vc_custom_heading text=&#8221;E-mail&#8221; font_container=&#8221;tag:h3|text_align:left&#8221; use_theme_fonts=&#8221;yes&#8221; el_class=&#8221;m-b-sm font-weight-normal&#8221;][vc_column_text el_class=&#8221;font-size-lg&#8221;]<\/p>\n<p class=\"font-size-lg\"><a href=\"mailto:info@akisikfiltre.com.tr?subject=AKI%C5%9EIK%20F%C4%B0LTRE%20%2F%20\">info@akisikfiltre.com.tr<\/a><\/p>\n<p>[\/vc_column_text]<\/div><\/div><\/div>[\/vc_column][\/vc_row][vc_row][vc_column][vc_separator color=&#8221;custom&#8221; style=&#8221;solid&#8221; gap=&#8221;tall&#8221; el_class=&#8221;m-t-sm&#8221;][\/vc_column][\/vc_row][vc_row][vc_column width=&#8221;1\/2&#8243;][vc_gmaps link=&#8221;#E-8_JTNDaWZyYW1lJTIwc3JjJTNEJTIyaHR0cHMlM0ElMkYlMkZ3d3cuZ29vZ2xlLmNvbSUyRm1hcHMlMkZkJTJGZW1iZWQlM0ZtaWQlM0QxTnQwNktjUnZTMFljcGptZkw1aTVTVlRsY1FnJTIyJTIwd2lkdGglM0QlMjI2NDAlMjIlMjBoZWlnaHQlM0QlMjI0ODAlMjIlM0UlM0MlMkZpZnJhbWUlM0U=&#8221;][\/vc_column][vc_column width=&#8221;1\/2&#8243;]<div role=\"form\" class=\"wpcf7\" id=\"wpcf7-f4-o1\" lang=\"tr-TR\" dir=\"ltr\">\n<div class=\"screen-reader-response\"><\/div>\n<form action=\"\/index.php\/wp-json\/wp\/v2\/pages\/20#wpcf7-f4-o1\" method=\"post\" class=\"wpcf7-form\" novalidate=\"novalidate\">\n<div style=\"display: none;\">\n<input type=\"hidden\" name=\"_wpcf7\" value=\"4\" \/>\n<input type=\"hidden\" name=\"_wpcf7_version\" value=\"5.0.4\" \/>\n<input type=\"hidden\" name=\"_wpcf7_locale\" value=\"tr_TR\" \/>\n<input type=\"hidden\" name=\"_wpcf7_unit_tag\" value=\"wpcf7-f4-o1\" \/>\n<input type=\"hidden\" name=\"_wpcf7_container_post\" value=\"0\" \/>\n<\/div>\n<h4 class=\"m-b-lg\">\u0130leti\u015fim Formu<\/h4>\n<p><label> Ad - Soyad<br \/>\n    <span class=\"wpcf7-form-control-wrap your-name\"><input type=\"text\" name=\"your-name\" value=\"\" size=\"40\" class=\"wpcf7-form-control wpcf7-text wpcf7-validates-as-required\" aria-required=\"true\" aria-invalid=\"false\" \/><\/span> <\/label><\/p>\n<p><label> Email<br \/>\n    <span class=\"wpcf7-form-control-wrap your-email\"><input type=\"email\" name=\"your-email\" value=\"\" size=\"40\" class=\"wpcf7-form-control wpcf7-text wpcf7-email wpcf7-validates-as-required wpcf7-validates-as-email\" aria-required=\"true\" aria-invalid=\"false\" \/><\/span> <\/label><\/p>\n<p><label> Konu<br \/>\n    <span class=\"wpcf7-form-control-wrap your-subject\"><input type=\"text\" name=\"your-subject\" value=\"\" size=\"40\" class=\"wpcf7-form-control wpcf7-text\" aria-invalid=\"false\" \/><\/span> <\/label><\/p>\n<p><label> Mesaj\u0131n\u0131z<br \/>\n    <span class=\"wpcf7-form-control-wrap your-message\"><textarea name=\"your-message\" cols=\"40\" rows=\"10\" class=\"wpcf7-form-control wpcf7-textarea\" aria-invalid=\"false\"><\/textarea><\/span> <\/label><\/p>\n<p><input type=\"submit\" value=\"G\u00f6nder\" class=\"wpcf7-form-control wpcf7-submit\" \/><\/p>\n<div class=\"wpcf7-response-output wpcf7-display-none\"><\/div><\/form><\/div>[\/vc_column][\/vc_row]<\/p>\n","protected":false},"excerpt":{"rendered":"<p>[vc_row][vc_column width=&#8221;1\/4&#8243;][\/vc_column][vc_column width=&#8221;1\/4&#8243;][\/vc_column][vc_column width=&#8221;1\/4&#8243;][\/vc_column][vc_column width=&#8221;1\/4&#8243;][\/vc_column][\/vc_row][vc_row][vc_column][vc_separator color=&#8221;custom&#8221; style=&#8221;solid&#8221; gap=&#8221;tall&#8221; el_class=&#8221;m-t-sm&#8221;][\/vc_column][\/vc_row][vc_row][vc_column width=&#8221;1\/2&#8243;][vc_gmaps link=&#8221;#E-8_JTNDaWZyYW1lJTIwc3JjJTNEJTIyaHR0cHMlM0ElMkYlMkZ3d3cuZ29vZ2xlLmNvbSUyRm1hcHMlMkZkJTJGZW1iZWQlM0ZtaWQlM0QxTnQwNktjUnZTMFljcGptZkw1aTVTVlRsY1FnJTIyJTIwd2lkdGglM0QlMjI2NDAlMjIlMjBoZWlnaHQlM0QlMjI0ODAlMjIlM0UlM0MlMkZpZnJhbWUlM0U=&#8221;][\/vc_column][vc_column width=&#8221;1\/2&#8243;][\/vc_column][\/vc_row]<\/p>\n","protected":false},"author":1,"featured_media":0,"parent":0,"menu_order":0,"comment_status":"closed","ping_status":"closed","template":"","meta":[],"_links":{"self":[{"href":"http:\/\/akisikfiltre.com.tr\/index.php\/wp-json\/wp\/v2\/pages\/20"}],"collection":[{"href":"http:\/\/akisikfiltre.com.tr\/index.php\/wp-json\/wp\/v2\/pages"}],"about":[{"href":"http:\/\/akisikfiltre.com.tr\/index.php\/wp-json\/wp\/v2\/types\/page"}],"author":[{"embeddable":true,"href":"http:\/\/akisikfiltre.com.tr\/index.php\/wp-json\/wp\/v2\/users\/1"}],"replies":[{"embeddable":true,"href":"http:\/\/akisikfiltre.com.tr\/index.php\/wp-json\/wp\/v2\/comments?post=20"}],"version-history":[{"count":10,"href":"http:\/\/akisikfiltre.com.tr\/index.php\/wp-json\/wp\/v2\/pages\/20\/revisions"}],"predecessor-version":[{"id":1028,"href":"http:\/\/akisikfiltre.com.tr\/index.php\/wp-json\/wp\/v2\/pages\/20\/revisions\/1028"}],"wp:attachment":[{"href":"http:\/\/akisikfiltre.com.tr\/index.php\/wp-json\/wp\/v2\/media?parent=20"}],"curies":[{"name":"wp","href":"https:\/\/api.w.org\/{rel}","templated":true}]}}